{"id":165,"date":"2017-01-02T09:07:19","date_gmt":"2017-01-02T09:07:19","guid":{"rendered":"https:\/\/raratheme.com\/preview\/construction-landing-page\/?page_id=165"},"modified":"2021-05-27T10:33:10","modified_gmt":"2021-05-27T08:33:10","slug":"contact","status":"publish","type":"page","link":"https:\/\/bauteam-brandl.de\/index.php\/contact\/","title":{"rendered":"Kontakt"},"content":{"rendered":"\n<p><br><strong>Bau-Team Brandl GmbH<\/strong><br>GF: Andreas Brandl<br>Point\u00e4ckerstr. 2<br>93480 Hohenwarth<br><br><a rel=\"noreferrer noopener\" href=\"https:\/\/goo.gl\/maps\/K34xsVSQ4mG5P5398\" data-type=\"URL\" data-id=\"https:\/\/goo.gl\/maps\/K34xsVSQ4mG5P5398\" target=\"_blank\">B\u00fcroadresse in Google Maps anzeigen >><\/a><br><br>Tel: 09946 902568<br>Fax: 09946 9029680<br>E-Mail: <a href=\"mailto:post@bauteam-brandl.de\">post@bauteam-brandl.de<\/a><\/p>\n\n\n\n<p><strong>B\u00fcro \u00d6ffnungszeiten:<br><\/strong>Montag \u2013 Donnerstag von 8:00 Uhr bis 17:00 Uhr<br>Freitag&nbsp; &nbsp; &nbsp; &nbsp; &nbsp; &nbsp; &nbsp; &nbsp; &nbsp; &nbsp; &nbsp; &nbsp; &nbsp; &nbsp;von 8:00 Uhr bis 12:00 Uhr<\/p>\n\n\n\n<p>Termine nach Vereinbarung auch au\u00dferhalb der B\u00fcrozeiten m\u00f6glich!<\/p>\n\n\n\n<p><br><strong>Kontaktformular:<\/strong><\/p>\n\n\n\n<div class=\"wp-block-contact-form-7-contact-form-selector\"><div role=\"form\" class=\"wpcf7\" id=\"wpcf7-f167-o1\" lang=\"en-US\" dir=\"ltr\">\n<div class=\"screen-reader-response\"><p role=\"status\" aria-live=\"polite\" aria-atomic=\"true\"><\/p> <ul><\/ul><\/div>\n<form action=\"\/index.php\/wp-json\/wp\/v2\/pages\/165#wpcf7-f167-o1\" method=\"post\" class=\"wpcf7-form init\" novalidate=\"novalidate\" data-status=\"init\">\n<div style=\"display: none;\">\n<input type=\"hidden\" name=\"_wpcf7\" value=\"167\" \/>\n<input type=\"hidden\" name=\"_wpcf7_version\" value=\"5.4.1\" \/>\n<input type=\"hidden\" name=\"_wpcf7_locale\" value=\"en_US\" \/>\n<input type=\"hidden\" name=\"_wpcf7_unit_tag\" value=\"wpcf7-f167-o1\" \/>\n<input type=\"hidden\" name=\"_wpcf7_container_post\" value=\"0\" \/>\n<input type=\"hidden\" name=\"_wpcf7_posted_data_hash\" value=\"\" \/>\n<\/div>\n<p><label> Name<br \/>\n    <span class=\"wpcf7-form-control-wrap your-name\"><input type=\"text\" name=\"your-name\" value=\"\" size=\"40\" class=\"wpcf7-form-control wpcf7-text wpcf7-validates-as-required\" aria-required=\"true\" aria-invalid=\"false\" \/><\/span> <\/label><\/p>\n<p><label> E-Mail Adresse<br \/>\n    <span class=\"wpcf7-form-control-wrap your-email\"><input type=\"email\" name=\"your-email\" value=\"\" size=\"40\" class=\"wpcf7-form-control wpcf7-text wpcf7-email wpcf7-validates-as-required wpcf7-validates-as-email\" aria-required=\"true\" aria-invalid=\"false\" \/><\/span> <\/label><\/p>\n<p><label> Betreff<br \/>\n    <span class=\"wpcf7-form-control-wrap your-subject\"><input type=\"text\" name=\"your-subject\" value=\"\" size=\"40\" class=\"wpcf7-form-control wpcf7-text\" aria-invalid=\"false\" \/><\/span> <\/label><\/p>\n<p><label> Ihre Nachricht<br \/>\n    <span class=\"wpcf7-form-control-wrap your-message\"><textarea name=\"your-message\" cols=\"40\" rows=\"10\" class=\"wpcf7-form-control wpcf7-textarea\" aria-invalid=\"false\"><\/textarea><\/span> <\/label><\/p>\n<p><input type=\"submit\" value=\"Nachricht abschicken\" class=\"wpcf7-form-control wpcf7-submit\" \/><\/p>\n<div class=\"wpcf7-response-output\" aria-hidden=\"true\"><\/div><\/form><\/div><\/div>\n","protected":false},"excerpt":{"rendered":"<p>Bau-Team Brandl<br \/>\nPoint\u00e4ckerstr. 2 &#8211; 93480 Hohenwarth<br \/>\n<b>B\u00fcro \u00d6ffnungszeiten:<\/b><br \/>\nMontag \u2013 Donnerstag von 8:00 Uhr bis 17:00 Uhr<br \/>\nFreitag                           von 8:00 Uhr bis 12:00 Uhr<br \/>\n<b>Termine nach Vereinbarung auch au\u00dferhalb der B\u00fcrozeiten m\u00f6glich!<\/b><\/p>\n","protected":false},"author":1,"featured_media":607,"parent":0,"menu_order":0,"comment_status":"closed","ping_status":"closed","template":"","meta":{"ngg_post_thumbnail":0,"footnotes":""},"class_list":["post-165","page","type-page","status-publish","has-post-thumbnail","hentry"],"_links":{"self":[{"href":"https:\/\/bauteam-brandl.de\/index.php\/wp-json\/wp\/v2\/pages\/165","targetHints":{"allow":["GET"]}}],"collection":[{"href":"https:\/\/bauteam-brandl.de\/index.php\/wp-json\/wp\/v2\/pages"}],"about":[{"href":"https:\/\/bauteam-brandl.de\/index.php\/wp-json\/wp\/v2\/types\/page"}],"author":[{"embeddable":true,"href":"https:\/\/bauteam-brandl.de\/index.php\/wp-json\/wp\/v2\/users\/1"}],"replies":[{"embeddable":true,"href":"https:\/\/bauteam-brandl.de\/index.php\/wp-json\/wp\/v2\/comments?post=165"}],"version-history":[{"count":19,"href":"https:\/\/bauteam-brandl.de\/index.php\/wp-json\/wp\/v2\/pages\/165\/revisions"}],"predecessor-version":[{"id":654,"href":"https:\/\/bauteam-brandl.de\/index.php\/wp-json\/wp\/v2\/pages\/165\/revisions\/654"}],"wp:featuredmedia":[{"embeddable":true,"href":"https:\/\/bauteam-brandl.de\/index.php\/wp-json\/wp\/v2\/media\/607"}],"wp:attachment":[{"href":"https:\/\/bauteam-brandl.de\/index.php\/wp-json\/wp\/v2\/media?parent=165"}],"curies":[{"name":"wp","href":"https:\/\/api.w.org\/{rel}","templated":true}]}}