{"id":373,"date":"2016-12-28T05:53:52","date_gmt":"2016-12-28T05:53:52","guid":{"rendered":"https:\/\/raratheme.com\/preview\/construction-landing-page\/?page_id=8"},"modified":"2021-09-09T10:08:57","modified_gmt":"2021-09-09T08:08:57","slug":"home","status":"publish","type":"page","link":"https:\/\/bauteam-brandl.de\/","title":{"rendered":"Ihr zuverl\u00e4ssiger Partner f\u00fcr Bau und Sanierung"},"content":{"rendered":"<p>Unser Leistungsspektrum umfasst unter anderem den Neubau (Ein- \/ Mehrfamilienh\u00e4usern, Gewerbebauten)<br \/>\nEstrichlegung, Putzarbeiten, Ger\u00fcstarbeiten, Pflasterarbeiten, Drainagearbeiten, Sanierung, Trockenbau und Vollw\u00e4rmeschutz. Gerne erstellen wir ein unverbindliches Angebot f\u00fcr Ihr Bauvorhaben.<\/p>\n","protected":false},"excerpt":{"rendered":"<p>Unser Leistungsspektrum umfasst unter anderem den Neubau (Ein- \/ Mehrfamilienh\u00e4usern, Gewerbebauten) Estrichlegung, Putzarbeiten, Ger\u00fcstarbeiten, Pflasterarbeiten, Drainagearbeiten, Sanierung, Trockenbau und Vollw\u00e4rmeschutz. &hellip; <\/p>\n","protected":false},"author":1,"featured_media":495,"parent":0,"menu_order":0,"comment_status":"closed","ping_status":"closed","template":"template-home.php","meta":{"ngg_post_thumbnail":0,"footnotes":""},"class_list":["post-373","page","type-page","status-publish","has-post-thumbnail","hentry"],"_links":{"self":[{"href":"https:\/\/bauteam-brandl.de\/index.php\/wp-json\/wp\/v2\/pages\/373","targetHints":{"allow":["GET"]}}],"collection":[{"href":"https:\/\/bauteam-brandl.de\/index.php\/wp-json\/wp\/v2\/pages"}],"about":[{"href":"https:\/\/bauteam-brandl.de\/index.php\/wp-json\/wp\/v2\/types\/page"}],"author":[{"embeddable":true,"href":"https:\/\/bauteam-brandl.de\/index.php\/wp-json\/wp\/v2\/users\/1"}],"replies":[{"embeddable":true,"href":"https:\/\/bauteam-brandl.de\/index.php\/wp-json\/wp\/v2\/comments?post=373"}],"version-history":[{"count":3,"href":"https:\/\/bauteam-brandl.de\/index.php\/wp-json\/wp\/v2\/pages\/373\/revisions"}],"predecessor-version":[{"id":695,"href":"https:\/\/bauteam-brandl.de\/index.php\/wp-json\/wp\/v2\/pages\/373\/revisions\/695"}],"wp:featuredmedia":[{"embeddable":true,"href":"https:\/\/bauteam-brandl.de\/index.php\/wp-json\/wp\/v2\/media\/495"}],"wp:attachment":[{"href":"https:\/\/bauteam-brandl.de\/index.php\/wp-json\/wp\/v2\/media?parent=373"}],"curies":[{"name":"wp","href":"https:\/\/api.w.org\/{rel}","templated":true}]}}