{"id":397,"date":"2021-05-22T22:52:55","date_gmt":"2021-05-22T20:52:55","guid":{"rendered":"http:\/\/site.bauteam-brandl.de\/?page_id=397"},"modified":"2021-05-25T23:17:29","modified_gmt":"2021-05-25T21:17:29","slug":"estrich","status":"publish","type":"page","link":"https:\/\/bauteam-brandl.de\/index.php\/estrich\/","title":{"rendered":"Estrich"},"content":{"rendered":"\n<p><br>Wir verlegen folgende Estricharten:<\/p>\n\n\n\n<p><strong>Anhydrit-Flie\u00dfestrich<\/strong><br>Selbstnivellierender Estrich, optimal f\u00fcr den Einsatz bei Fu\u00dfbodenheizungen. Der&nbsp;Estrich kann etwa zwei Tage nach dem Einbau begangen und fr\u00fchestens nach f\u00fcnf Tagen geringf\u00fcgig belastet werden.<\/p>\n\n\n\n<p><strong>Zement-Flie\u00dfestrich \u201eCemFlow\u201c<\/strong><br>Zementgebundener, faserarmierter Flie\u00dfestrich&nbsp; geeignet f\u00fcr alle Bodenbel\u00e4ge und f\u00fcr alle Estrichkonstruktionen im Innenbereich. Die flie\u00dff\u00e4hige Einbaukonsistenz sorgt f\u00fcr ebene Estrichoberfl\u00e4chen.<\/p>\n\n\n\n<p><strong>Poriment<\/strong><br>Flie\u00dff\u00e4higer zementgebundener Porenleichtm\u00f6rtel als stabile Ausgleichs- und F\u00fcllschicht mit W\u00e4rmed\u00e4mmeigenschaften. Sorgt sp\u00e4ter f\u00fcr einen gleichm\u00e4\u00dfigen Estrich und umh\u00fcllt auf der Betondecke verlegte Rohre und Leitungen optimal.<\/p>\n","protected":false},"excerpt":{"rendered":"<p>Wir verlegen folgende Estricharten:<br \/>\nAnhydrit-Flie\u00dfestrich<br \/>\nZement-Flie\u00dfestrich \u201eCemFlow\u201c<br \/>\nPoriment<\/p>\n","protected":false},"author":1,"featured_media":644,"parent":0,"menu_order":0,"comment_status":"closed","ping_status":"closed","template":"","meta":{"ngg_post_thumbnail":0,"footnotes":""},"class_list":["post-397","page","type-page","status-publish","has-post-thumbnail","hentry"],"_links":{"self":[{"href":"https:\/\/bauteam-brandl.de\/index.php\/wp-json\/wp\/v2\/pages\/397","targetHints":{"allow":["GET"]}}],"collection":[{"href":"https:\/\/bauteam-brandl.de\/index.php\/wp-json\/wp\/v2\/pages"}],"about":[{"href":"https:\/\/bauteam-brandl.de\/index.php\/wp-json\/wp\/v2\/types\/page"}],"author":[{"embeddable":true,"href":"https:\/\/bauteam-brandl.de\/index.php\/wp-json\/wp\/v2\/users\/1"}],"replies":[{"embeddable":true,"href":"https:\/\/bauteam-brandl.de\/index.php\/wp-json\/wp\/v2\/comments?post=397"}],"version-history":[{"count":5,"href":"https:\/\/bauteam-brandl.de\/index.php\/wp-json\/wp\/v2\/pages\/397\/revisions"}],"predecessor-version":[{"id":648,"href":"https:\/\/bauteam-brandl.de\/index.php\/wp-json\/wp\/v2\/pages\/397\/revisions\/648"}],"wp:featuredmedia":[{"embeddable":true,"href":"https:\/\/bauteam-brandl.de\/index.php\/wp-json\/wp\/v2\/media\/644"}],"wp:attachment":[{"href":"https:\/\/bauteam-brandl.de\/index.php\/wp-json\/wp\/v2\/media?parent=397"}],"curies":[{"name":"wp","href":"https:\/\/api.w.org\/{rel}","templated":true}]}}