{"id":399,"date":"2021-05-22T22:53:11","date_gmt":"2021-05-22T20:53:11","guid":{"rendered":"http:\/\/site.bauteam-brandl.de\/?page_id=399"},"modified":"2021-05-25T23:21:19","modified_gmt":"2021-05-25T21:21:19","slug":"drainagearbeiten","status":"publish","type":"page","link":"https:\/\/bauteam-brandl.de\/index.php\/drainagearbeiten\/","title":{"rendered":"Drainagearbeiten"},"content":{"rendered":"\n<p><br>Die Entw\u00e4sserung von Grundst\u00fccken durch Drainagen ist erforderlich, um Bauwerke vor eindringender N\u00e4sse zu sch\u00fctzen und Sch\u00e4den zu vermeiden.<\/p>\n\n\n\n<p>Professionell gelegte Drainagesysteme spielen auch im Wegebau eine entscheidende Rolle. Die Dimensionierung der Drainagerohre passen wir den \u00f6rtlichen Gegebenheiten an und verf\u00fcllen die Rohrleitung fachgerecht mit geeigneten Verf\u00fcllmaterialien, wie z.B. filterreinem Splitt oder Kies, um die Versandung der Rohre zu vermeiden.<\/p>\n","protected":false},"excerpt":{"rendered":"<p>Die Entw\u00e4sserung von Grundst\u00fccken durch Drainagen ist erforderlich, um Bauwerke vor eindringender N\u00e4sse zu sch\u00fctzen und Sch\u00e4den zu vermeiden.<\/p>\n","protected":false},"author":1,"featured_media":478,"parent":0,"menu_order":0,"comment_status":"closed","ping_status":"closed","template":"","meta":{"ngg_post_thumbnail":0,"footnotes":""},"class_list":["post-399","page","type-page","status-publish","has-post-thumbnail","hentry"],"_links":{"self":[{"href":"https:\/\/bauteam-brandl.de\/index.php\/wp-json\/wp\/v2\/pages\/399","targetHints":{"allow":["GET"]}}],"collection":[{"href":"https:\/\/bauteam-brandl.de\/index.php\/wp-json\/wp\/v2\/pages"}],"about":[{"href":"https:\/\/bauteam-brandl.de\/index.php\/wp-json\/wp\/v2\/types\/page"}],"author":[{"embeddable":true,"href":"https:\/\/bauteam-brandl.de\/index.php\/wp-json\/wp\/v2\/users\/1"}],"replies":[{"embeddable":true,"href":"https:\/\/bauteam-brandl.de\/index.php\/wp-json\/wp\/v2\/comments?post=399"}],"version-history":[{"count":4,"href":"https:\/\/bauteam-brandl.de\/index.php\/wp-json\/wp\/v2\/pages\/399\/revisions"}],"predecessor-version":[{"id":653,"href":"https:\/\/bauteam-brandl.de\/index.php\/wp-json\/wp\/v2\/pages\/399\/revisions\/653"}],"wp:featuredmedia":[{"embeddable":true,"href":"https:\/\/bauteam-brandl.de\/index.php\/wp-json\/wp\/v2\/media\/478"}],"wp:attachment":[{"href":"https:\/\/bauteam-brandl.de\/index.php\/wp-json\/wp\/v2\/media?parent=399"}],"curies":[{"name":"wp","href":"https:\/\/api.w.org\/{rel}","templated":true}]}}