{"id":401,"date":"2021-05-22T22:53:26","date_gmt":"2021-05-22T20:53:26","guid":{"rendered":"http:\/\/site.bauteam-brandl.de\/?page_id=401"},"modified":"2021-05-25T23:19:45","modified_gmt":"2021-05-25T21:19:45","slug":"pflastern","status":"publish","type":"page","link":"https:\/\/bauteam-brandl.de\/index.php\/pflastern\/","title":{"rendered":"Pflastern"},"content":{"rendered":"\n<p><br>Es gibt viele M\u00f6glichkeiten Einfahrten, Auffahrten, Stellfl\u00e4chen oder Terrassen mit Pflaster zu gestalten. Betonpflastersteine und Platten in verschiedensten Farben und Formen, Naturstein wie Granit, Basalt als Pflaster oder Plattenbelag, die Auswahl ist riesig.<\/p>\n\n\n\n<p>Gerne beraten wir Sie hinsichtlich der M\u00f6glichkeiten. Wir helfen Ihnen bei der Auswahl und f\u00fchren alle Arbeiten sorgf\u00e4ltig und in hoher Qualit\u00e4t f\u00fcr Sie aus.<\/p>\n","protected":false},"excerpt":{"rendered":"<p>Wir helfen Ihnen bei der Auswahl des richtigen Belages und f\u00fchren alle Arbeiten sorgf\u00e4ltig und in hoher Qualit\u00e4t f\u00fcr Sie aus.<\/p>\n","protected":false},"author":1,"featured_media":33,"parent":0,"menu_order":0,"comment_status":"closed","ping_status":"closed","template":"","meta":{"ngg_post_thumbnail":0,"footnotes":""},"class_list":["post-401","page","type-page","status-publish","has-post-thumbnail","hentry"],"_links":{"self":[{"href":"https:\/\/bauteam-brandl.de\/index.php\/wp-json\/wp\/v2\/pages\/401","targetHints":{"allow":["GET"]}}],"collection":[{"href":"https:\/\/bauteam-brandl.de\/index.php\/wp-json\/wp\/v2\/pages"}],"about":[{"href":"https:\/\/bauteam-brandl.de\/index.php\/wp-json\/wp\/v2\/types\/page"}],"author":[{"embeddable":true,"href":"https:\/\/bauteam-brandl.de\/index.php\/wp-json\/wp\/v2\/users\/1"}],"replies":[{"embeddable":true,"href":"https:\/\/bauteam-brandl.de\/index.php\/wp-json\/wp\/v2\/comments?post=401"}],"version-history":[{"count":6,"href":"https:\/\/bauteam-brandl.de\/index.php\/wp-json\/wp\/v2\/pages\/401\/revisions"}],"predecessor-version":[{"id":650,"href":"https:\/\/bauteam-brandl.de\/index.php\/wp-json\/wp\/v2\/pages\/401\/revisions\/650"}],"wp:featuredmedia":[{"embeddable":true,"href":"https:\/\/bauteam-brandl.de\/index.php\/wp-json\/wp\/v2\/media\/33"}],"wp:attachment":[{"href":"https:\/\/bauteam-brandl.de\/index.php\/wp-json\/wp\/v2\/media?parent=401"}],"curies":[{"name":"wp","href":"https:\/\/api.w.org\/{rel}","templated":true}]}}