{"id":403,"date":"2021-05-22T22:53:42","date_gmt":"2021-05-22T20:53:42","guid":{"rendered":"http:\/\/site.bauteam-brandl.de\/?page_id=403"},"modified":"2021-05-25T23:20:58","modified_gmt":"2021-05-25T21:20:58","slug":"putz-geruestarbeiten","status":"publish","type":"page","link":"https:\/\/bauteam-brandl.de\/index.php\/putz-geruestarbeiten\/","title":{"rendered":"Putz- \/ Ger\u00fcstarbeiten"},"content":{"rendered":"\n<p><br>Wir bieten Ihnen professionelle Au\u00dfen- und Innenputzarbeiten sowie Ausbesserungs- und Beiputzarbeiten. Egal, was bei Ihnen ansteht, wir erledigen die Arbeiten pr\u00e4zise, z\u00fcgig und zu Ihrer vollen Zufriedenheit.<\/p>\n\n\n\n<p>Wir verwenden f\u00fcr die Putzarbeiten ausschlie\u00dflich qualitativ hochwertige Putze. Speziell im Altbau verarbeiten wir auch Sanier- oder W\u00e4rmed\u00e4mmputz fachgerecht. Wir verputzen Ihr Mauerwerk und k\u00fcmmern uns dabei nicht nur um die Fassade, sondern auch um den Innenputz Ihres Geb\u00e4udes.<\/p>\n\n\n\n<p>Die Putzarbeiten werden mit \u00e4u\u00dferster Sorgfalt erledigt. Der Au\u00dfenputz ist robust, wetterfest und k\u00e4lte- bzw. w\u00e4rmeresistent. Der Innenputz ist an die Anforderungen und Umst\u00e4nde ihres Hauses angepasst.<\/p>\n","protected":false},"excerpt":{"rendered":"<p>Wir bieten Ihnen professionelle Au\u00dfen- und Innenputzarbeiten sowie Ausbesserungs- und Beiputzarbeiten.<\/p>\n","protected":false},"author":1,"featured_media":484,"parent":0,"menu_order":0,"comment_status":"closed","ping_status":"closed","template":"","meta":{"ngg_post_thumbnail":0,"footnotes":""},"class_list":["post-403","page","type-page","status-publish","has-post-thumbnail","hentry"],"_links":{"self":[{"href":"https:\/\/bauteam-brandl.de\/index.php\/wp-json\/wp\/v2\/pages\/403","targetHints":{"allow":["GET"]}}],"collection":[{"href":"https:\/\/bauteam-brandl.de\/index.php\/wp-json\/wp\/v2\/pages"}],"about":[{"href":"https:\/\/bauteam-brandl.de\/index.php\/wp-json\/wp\/v2\/types\/page"}],"author":[{"embeddable":true,"href":"https:\/\/bauteam-brandl.de\/index.php\/wp-json\/wp\/v2\/users\/1"}],"replies":[{"embeddable":true,"href":"https:\/\/bauteam-brandl.de\/index.php\/wp-json\/wp\/v2\/comments?post=403"}],"version-history":[{"count":4,"href":"https:\/\/bauteam-brandl.de\/index.php\/wp-json\/wp\/v2\/pages\/403\/revisions"}],"predecessor-version":[{"id":652,"href":"https:\/\/bauteam-brandl.de\/index.php\/wp-json\/wp\/v2\/pages\/403\/revisions\/652"}],"wp:featuredmedia":[{"embeddable":true,"href":"https:\/\/bauteam-brandl.de\/index.php\/wp-json\/wp\/v2\/media\/484"}],"wp:attachment":[{"href":"https:\/\/bauteam-brandl.de\/index.php\/wp-json\/wp\/v2\/media?parent=403"}],"curies":[{"name":"wp","href":"https:\/\/api.w.org\/{rel}","templated":true}]}}