{"id":405,"date":"2021-05-22T22:53:53","date_gmt":"2021-05-22T20:53:53","guid":{"rendered":"http:\/\/site.bauteam-brandl.de\/?page_id=405"},"modified":"2021-05-25T22:35:33","modified_gmt":"2021-05-25T20:35:33","slug":"vollwaermeschutz","status":"publish","type":"page","link":"https:\/\/bauteam-brandl.de\/index.php\/vollwaermeschutz\/","title":{"rendered":"Vollw\u00e4rmeschutz"},"content":{"rendered":"\n<p>Bei einem Altbau lassen sich die Energieverluste mit einem Vollw\u00e4rmeschutz an den Au\u00dfenw\u00e4nden um bis zu 75% drosseln. Gemeinsam mit anderen energiesparenden Ma\u00dfnahmen k\u00f6nnen Sie so den Energieverbrauch Ihres Hauses halbieren. Abgesehen von den gesparten Heizkosten steigt auch der Wert der Immobilie, egal ob Alt- oder Neubau.<\/p>\n\n\n\n<p>Wir erledigen alle Arbeiten von der Anbringung der D\u00e4mmplatten \u00fcber die Armierung bis hin zum Verputzen der kompletten Oberfl\u00e4che. Das ganze nat\u00fcrlich in gewohnt hoher Qualit\u00e4t.<\/p>\n","protected":false},"excerpt":{"rendered":"<p>Bei einem Altbau lassen sich die Energieverluste mit einem Vollw\u00e4rmeschutz an den Au\u00dfenw\u00e4nden um bis zu 75% drosseln. Gemeinsam mit &hellip; <\/p>\n","protected":false},"author":1,"featured_media":0,"parent":0,"menu_order":0,"comment_status":"closed","ping_status":"closed","template":"","meta":{"ngg_post_thumbnail":0,"footnotes":""},"class_list":["post-405","page","type-page","status-publish","hentry"],"_links":{"self":[{"href":"https:\/\/bauteam-brandl.de\/index.php\/wp-json\/wp\/v2\/pages\/405","targetHints":{"allow":["GET"]}}],"collection":[{"href":"https:\/\/bauteam-brandl.de\/index.php\/wp-json\/wp\/v2\/pages"}],"about":[{"href":"https:\/\/bauteam-brandl.de\/index.php\/wp-json\/wp\/v2\/types\/page"}],"author":[{"embeddable":true,"href":"https:\/\/bauteam-brandl.de\/index.php\/wp-json\/wp\/v2\/users\/1"}],"replies":[{"embeddable":true,"href":"https:\/\/bauteam-brandl.de\/index.php\/wp-json\/wp\/v2\/comments?post=405"}],"version-history":[{"count":4,"href":"https:\/\/bauteam-brandl.de\/index.php\/wp-json\/wp\/v2\/pages\/405\/revisions"}],"predecessor-version":[{"id":631,"href":"https:\/\/bauteam-brandl.de\/index.php\/wp-json\/wp\/v2\/pages\/405\/revisions\/631"}],"wp:attachment":[{"href":"https:\/\/bauteam-brandl.de\/index.php\/wp-json\/wp\/v2\/media?parent=405"}],"curies":[{"name":"wp","href":"https:\/\/api.w.org\/{rel}","templated":true}]}}