{"id":407,"date":"2021-05-22T22:54:10","date_gmt":"2021-05-22T20:54:10","guid":{"rendered":"http:\/\/site.bauteam-brandl.de\/?page_id=407"},"modified":"2021-05-25T22:35:58","modified_gmt":"2021-05-25T20:35:58","slug":"sanieren-renovieren","status":"publish","type":"page","link":"https:\/\/bauteam-brandl.de\/index.php\/sanieren-renovieren\/","title":{"rendered":"Sanieren \/ Renovieren"},"content":{"rendered":"\n<p>Am wichtigsten bei der Sanierung und Renovierung von Altbauten ist eine sorgf\u00e4ltige Planung und Ausf\u00fchrung aller Arbeitsschritte. Wir beraten Sie vorab hinsichtlich M\u00f6glichkeiten und Materialien.<\/p>\n\n\n\n<p>Nach der Begutachtung vor Ort erstellen wir f\u00fcr Sie ein Konzept f\u00fcr die Renovierung. S\u00e4mtliche Maurer- und Putzarbeiten werden von unserem Team aus Facharbeitern mit gro\u00dfer Sorgfalt und hoher Qualit\u00e4t ausgef\u00fchrt.<\/p>\n","protected":false},"excerpt":{"rendered":"<p>Am wichtigsten bei der Sanierung und Renovierung von Altbauten ist eine sorgf\u00e4ltige Planung und Ausf\u00fchrung aller Arbeitsschritte. Wir beraten Sie &hellip; <\/p>\n","protected":false},"author":1,"featured_media":0,"parent":0,"menu_order":0,"comment_status":"closed","ping_status":"closed","template":"","meta":{"ngg_post_thumbnail":0,"footnotes":""},"class_list":["post-407","page","type-page","status-publish","hentry"],"_links":{"self":[{"href":"https:\/\/bauteam-brandl.de\/index.php\/wp-json\/wp\/v2\/pages\/407","targetHints":{"allow":["GET"]}}],"collection":[{"href":"https:\/\/bauteam-brandl.de\/index.php\/wp-json\/wp\/v2\/pages"}],"about":[{"href":"https:\/\/bauteam-brandl.de\/index.php\/wp-json\/wp\/v2\/types\/page"}],"author":[{"embeddable":true,"href":"https:\/\/bauteam-brandl.de\/index.php\/wp-json\/wp\/v2\/users\/1"}],"replies":[{"embeddable":true,"href":"https:\/\/bauteam-brandl.de\/index.php\/wp-json\/wp\/v2\/comments?post=407"}],"version-history":[{"count":3,"href":"https:\/\/bauteam-brandl.de\/index.php\/wp-json\/wp\/v2\/pages\/407\/revisions"}],"predecessor-version":[{"id":632,"href":"https:\/\/bauteam-brandl.de\/index.php\/wp-json\/wp\/v2\/pages\/407\/revisions\/632"}],"wp:attachment":[{"href":"https:\/\/bauteam-brandl.de\/index.php\/wp-json\/wp\/v2\/media?parent=407"}],"curies":[{"name":"wp","href":"https:\/\/api.w.org\/{rel}","templated":true}]}}